{"id":4625,"date":"2023-05-17T15:10:27","date_gmt":"2023-05-17T21:10:27","guid":{"rendered":"https:\/\/zegreenlabconstruction.com\/?page_id=4625"},"modified":"2023-05-29T07:28:57","modified_gmt":"2023-05-29T13:28:57","slug":"3d-y-renderizado","status":"publish","type":"page","link":"https:\/\/zegreenlabconstruction.com\/es\/portafolio\/3d-y-renderizado\/","title":{"rendered":"3D y Renderizado"},"content":{"rendered":"\t\t<div data-elementor-type=\"wp-page\" data-elementor-id=\"4625\" class=\"elementor elementor-4625\" data-elementor-post-type=\"page\">\n\t\t\t\t\t\t<section class=\"elementor-section elementor-top-section elementor-element elementor-element-492833a2 elementor-section-height-min-height elementor-section-boxed elementor-section-height-default elementor-section-items-middle\" data-id=\"492833a2\" data-element_type=\"section\" data-e-type=\"section\" data-settings=\"{&quot;jet_parallax_layout_list&quot;:[],&quot;background_background&quot;:&quot;slideshow&quot;,&quot;background_slideshow_gallery&quot;:[{&quot;id&quot;:4638,&quot;url&quot;:&quot;https:\\\/\\\/zegreenlabconstruction.com\\\/wp-content\\\/uploads\\\/2023\\\/05\\\/ZGLC_Family-Compund-3D-3.jpg&quot;},{&quot;id&quot;:4589,&quot;url&quot;:&quot;https:\\\/\\\/zegreenlabconstruction.com\\\/wp-content\\\/uploads\\\/2023\\\/05\\\/Jungle-HideawayR-5.jpg&quot;},{&quot;id&quot;:4585,&quot;url&quot;:&quot;https:\\\/\\\/zegreenlabconstruction.com\\\/wp-content\\\/uploads\\\/2023\\\/05\\\/Jungle-HideawayR-3.jpg&quot;},{&quot;id&quot;:4583,&quot;url&quot;:&quot;https:\\\/\\\/zegreenlabconstruction.com\\\/wp-content\\\/uploads\\\/2023\\\/05\\\/Jungle-HideawayR-2.jpg&quot;},{&quot;id&quot;:4312,&quot;url&quot;:&quot;https:\\\/\\\/zegreenlabconstruction.com\\\/wp-content\\\/uploads\\\/2022\\\/10\\\/Casa-Las-Delicias_Zegreenlab_3D-2.jpg&quot;},{&quot;id&quot;:4327,&quot;url&quot;:&quot;https:\\\/\\\/zegreenlabconstruction.com\\\/wp-content\\\/uploads\\\/2023\\\/05\\\/Casa-Las-Delicias_Zegreenlab_3D-4.jpg&quot;},{&quot;id&quot;:4325,&quot;url&quot;:&quot;https:\\\/\\\/zegreenlabconstruction.com\\\/wp-content\\\/uploads\\\/2023\\\/05\\\/Casa-Las-Delicias_Zegreenlab_3D-3.jpg&quot;}],&quot;background_slideshow_ken_burns&quot;:&quot;yes&quot;,&quot;background_slideshow_slide_duration&quot;:6000,&quot;background_slideshow_transition_duration&quot;:600,&quot;background_slideshow_lazyload&quot;:&quot;yes&quot;,&quot;background_slideshow_loop&quot;:&quot;yes&quot;,&quot;background_slideshow_slide_transition&quot;:&quot;fade&quot;,&quot;background_slideshow_ken_burns_zoom_direction&quot;:&quot;in&quot;}\">\n\t\t\t\t\t\t\t<div class=\"elementor-background-overlay\"><\/div>\n\t\t\t\t\t\t\t<div class=\"elementor-container elementor-column-gap-default\">\n\t\t\t\t\t<div class=\"elementor-column elementor-col-100 elementor-top-column elementor-element elementor-element-2d2e6e3a\" data-id=\"2d2e6e3a\" data-element_type=\"column\" data-e-type=\"column\" data-settings=\"{&quot;background_background&quot;:&quot;classic&quot;}\">\n\t\t\t<div class=\"elementor-widget-wrap elementor-element-populated\">\n\t\t\t\t\t\t<div class=\"elementor-element elementor-element-91d158c elementor-widget elementor-widget-heading\" data-id=\"91d158c\" data-element_type=\"widget\" data-e-type=\"widget\" data-widget_type=\"heading.default\">\n\t\t\t\t<div class=\"elementor-widget-container\">\n\t\t\t\t\t<h2 class=\"elementor-heading-title elementor-size-default\">3D y Renderizado<\/h2>\t\t\t\t<\/div>\n\t\t\t\t<\/div>\n\t\t\t\t<div class=\"elementor-element elementor-element-35c6c8b elementor-widget elementor-widget-text-editor\" data-id=\"35c6c8b\" data-element_type=\"widget\" data-e-type=\"widget\" data-widget_type=\"text-editor.default\">\n\t\t\t\t<div class=\"elementor-widget-container\">\n\t\t\t\t\t\t\t\t\t<p>En Zegreenlab Construcci\u00f3n, nos enorgullece incorporar la innovaci\u00f3n y la sostenibilidad en cada uno de nuestros proyectos de 3D y renderizado.<br \/>Todos nuestros dise\u00f1os est\u00e1n estrat\u00e9gicamente desarrollados para tomar la mayor ventaja de nuestros bloques de Bagacreto\u00ae. Esta es una mezcla \u00fanica de fibras vegetales, como el c\u00e1\u00f1amo, bagazo y granza de arroz, utilizada para crear bloques y mobiliario. Esta mezcla es conocida por sus cualidades aislantes e higrosc\u00f3picas, lo que permite mantener niveles \u00f3ptimos de humedad y temperatura en todas nuestras construcciones.<\/p>\t\t\t\t\t\t\t\t<\/div>\n\t\t\t\t<\/div>\n\t\t\t\t<div class=\"elementor-element elementor-element-53b93c6 elementor-align-center elementor-widget elementor-widget-global elementor-global-3375 elementor-widget-button\" data-id=\"53b93c6\" data-element_type=\"widget\" data-e-type=\"widget\" data-widget_type=\"button.default\">\n\t\t\t\t<div class=\"elementor-widget-container\">\n\t\t\t\t\t\t\t\t\t<div class=\"elementor-button-wrapper\">\n\t\t\t\t\t<a class=\"elementor-button elementor-button-link elementor-size-sm elementor-animation-grow\" href=\"#foot-contact\">\n\t\t\t\t\t\t<span class=\"elementor-button-content-wrapper\">\n\t\t\t\t\t\t\t\t\t<span class=\"elementor-button-text\">Reserve una cita <\/span>\n\t\t\t\t\t<\/span>\n\t\t\t\t\t<\/a>\n\t\t\t\t<\/div>\n\t\t\t\t\t\t\t\t<\/div>\n\t\t\t\t<\/div>\n\t\t\t\t\t<\/div>\n\t\t<\/div>\n\t\t\t\t\t<\/div>\n\t\t<\/section>\n\t\t\t\t<section class=\"elementor-section elementor-top-section elementor-element elementor-element-d868713 elementor-section-full_width elementor-section-height-default elementor-section-height-default\" data-id=\"d868713\" data-element_type=\"section\" data-e-type=\"section\" data-settings=\"{&quot;jet_parallax_layout_list&quot;:[]}\">\n\t\t\t\t\t\t<div class=\"elementor-container elementor-column-gap-wider\">\n\t\t\t\t\t<div class=\"elementor-column elementor-col-100 elementor-top-column elementor-element elementor-element-c765b6a\" data-id=\"c765b6a\" data-element_type=\"column\" data-e-type=\"column\">\n\t\t\t<div class=\"elementor-widget-wrap elementor-element-populated\">\n\t\t\t\t\t\t<div class=\"elementor-element elementor-element-da29927 elementor-grid-2 elementor-grid-tablet-2 elementor-grid-mobile-1 elementor-posts--thumbnail-top elementor-card-shadow-yes elementor-posts__hover-gradient elementor-widget elementor-widget-posts\" data-id=\"da29927\" data-element_type=\"widget\" data-e-type=\"widget\" data-settings=\"{&quot;cards_columns&quot;:&quot;2&quot;,&quot;cards_columns_tablet&quot;:&quot;2&quot;,&quot;cards_columns_mobile&quot;:&quot;1&quot;,&quot;cards_row_gap&quot;:{&quot;unit&quot;:&quot;px&quot;,&quot;size&quot;:35,&quot;sizes&quot;:[]},&quot;cards_row_gap_widescreen&quot;:{&quot;unit&quot;:&quot;px&quot;,&quot;size&quot;:&quot;&quot;,&quot;sizes&quot;:[]},&quot;cards_row_gap_laptop&quot;:{&quot;unit&quot;:&quot;px&quot;,&quot;size&quot;:&quot;&quot;,&quot;sizes&quot;:[]},&quot;cards_row_gap_tablet_extra&quot;:{&quot;unit&quot;:&quot;px&quot;,&quot;size&quot;:&quot;&quot;,&quot;sizes&quot;:[]},&quot;cards_row_gap_tablet&quot;:{&quot;unit&quot;:&quot;px&quot;,&quot;size&quot;:&quot;&quot;,&quot;sizes&quot;:[]},&quot;cards_row_gap_mobile_extra&quot;:{&quot;unit&quot;:&quot;px&quot;,&quot;size&quot;:&quot;&quot;,&quot;sizes&quot;:[]},&quot;cards_row_gap_mobile&quot;:{&quot;unit&quot;:&quot;px&quot;,&quot;size&quot;:&quot;&quot;,&quot;sizes&quot;:[]}}\" data-widget_type=\"posts.cards\">\n\t\t\t\t<div class=\"elementor-widget-container\">\n\t\t\t\t\t\t\t<div class=\"elementor-posts-container elementor-posts elementor-posts--skin-cards elementor-grid\" role=\"list\">\n\t\t\t\t<article class=\"elementor-post elementor-grid-item post-4576 portfolio type-portfolio status-publish has-post-thumbnail hentry project-cat-diseno-y-3d\" role=\"listitem\">\n\t\t\t<div class=\"elementor-post__card\">\n\t\t\t\t<a class=\"elementor-post__thumbnail__link\" href=\"https:\/\/zegreenlabconstruction.com\/es\/portfolio\/jungle-hideaway\/\" tabindex=\"-1\" ><div class=\"elementor-post__thumbnail\"><img fetchpriority=\"high\" decoding=\"async\" width=\"800\" height=\"566\" src=\"https:\/\/zegreenlabconstruction.com\/wp-content\/uploads\/2023\/05\/Jungle-HideawayR-2-1024x724.jpg\" class=\"attachment-large size-large wp-image-4583\" alt=\"\" srcset=\"https:\/\/zegreenlabconstruction.com\/wp-content\/uploads\/2023\/05\/Jungle-HideawayR-2-1024x724.jpg 1024w, https:\/\/zegreenlabconstruction.com\/wp-content\/uploads\/2023\/05\/Jungle-HideawayR-2-300x212.jpg 300w, https:\/\/zegreenlabconstruction.com\/wp-content\/uploads\/2023\/05\/Jungle-HideawayR-2-150x106.jpg 150w, https:\/\/zegreenlabconstruction.com\/wp-content\/uploads\/2023\/05\/Jungle-HideawayR-2-768x543.jpg 768w, https:\/\/zegreenlabconstruction.com\/wp-content\/uploads\/2023\/05\/Jungle-HideawayR-2-1536x1086.jpg 1536w, https:\/\/zegreenlabconstruction.com\/wp-content\/uploads\/2023\/05\/Jungle-HideawayR-2.jpg 2000w\" sizes=\"(max-width: 800px) 100vw, 800px\" \/><\/div><\/a>\n\t\t\t\t<div class=\"elementor-post__text\">\n\t\t\t\t<h2 class=\"elementor-post__title\">\n\t\t\t<a href=\"https:\/\/zegreenlabconstruction.com\/es\/portfolio\/jungle-hideaway\/\" >\n\t\t\t\tJungle Hideaway\t\t\t<\/a>\n\t\t<\/h2>\n\t\t\t\t<div class=\"elementor-post__excerpt\">\n\t\t\t<p>Proyecto de 138 m<sup>2<\/sup>, con 2 niveles, habitaci\u00f3n maestra,  ba\u00f1o y deck de piscina.<\/p>\n\t\t<\/div>\n\t\t\t\t<\/div>\n\t\t\t\t\t<\/div>\n\t\t<\/article>\n\t\t\t\t<article class=\"elementor-post elementor-grid-item post-4633 portfolio type-portfolio status-publish has-post-thumbnail hentry project-cat-diseno-y-3d\" role=\"listitem\">\n\t\t\t<div class=\"elementor-post__card\">\n\t\t\t\t<a class=\"elementor-post__thumbnail__link\" href=\"https:\/\/zegreenlabconstruction.com\/es\/portfolio\/family-compound\/\" tabindex=\"-1\" ><div class=\"elementor-post__thumbnail\"><img decoding=\"async\" width=\"800\" height=\"450\" src=\"https:\/\/zegreenlabconstruction.com\/wp-content\/uploads\/2023\/05\/ZGLC_Family-Compund-3D-1-1024x576.jpg\" class=\"attachment-large size-large wp-image-4634\" alt=\"\" srcset=\"https:\/\/zegreenlabconstruction.com\/wp-content\/uploads\/2023\/05\/ZGLC_Family-Compund-3D-1-1024x576.jpg 1024w, https:\/\/zegreenlabconstruction.com\/wp-content\/uploads\/2023\/05\/ZGLC_Family-Compund-3D-1-300x169.jpg 300w, https:\/\/zegreenlabconstruction.com\/wp-content\/uploads\/2023\/05\/ZGLC_Family-Compund-3D-1-150x84.jpg 150w, https:\/\/zegreenlabconstruction.com\/wp-content\/uploads\/2023\/05\/ZGLC_Family-Compund-3D-1-768x432.jpg 768w, https:\/\/zegreenlabconstruction.com\/wp-content\/uploads\/2023\/05\/ZGLC_Family-Compund-3D-1-1536x864.jpg 1536w, https:\/\/zegreenlabconstruction.com\/wp-content\/uploads\/2023\/05\/ZGLC_Family-Compund-3D-1.jpg 2000w\" sizes=\"(max-width: 800px) 100vw, 800px\" \/><\/div><\/a>\n\t\t\t\t<div class=\"elementor-post__text\">\n\t\t\t\t<h2 class=\"elementor-post__title\">\n\t\t\t<a href=\"https:\/\/zegreenlabconstruction.com\/es\/portfolio\/family-compound\/\" >\n\t\t\t\tFamily Compound\t\t\t<\/a>\n\t\t<\/h2>\n\t\t\t\t<div class=\"elementor-post__excerpt\">\n\t\t\t<p>Complejo de 3 unidades, con un total de 4 habitaciones, 2 ba\u00f1os y un \u00e1rea com\u00fan equipada.<\/p>\n\t\t<\/div>\n\t\t\t\t<\/div>\n\t\t\t\t\t<\/div>\n\t\t<\/article>\n\t\t\t\t<article class=\"elementor-post elementor-grid-item post-4734 portfolio type-portfolio status-publish has-post-thumbnail hentry project-cat-diseno-y-3d\" role=\"listitem\">\n\t\t\t<div class=\"elementor-post__card\">\n\t\t\t\t<a class=\"elementor-post__thumbnail__link\" href=\"https:\/\/zegreenlabconstruction.com\/es\/portfolio\/surf-shack\/\" tabindex=\"-1\" ><div class=\"elementor-post__thumbnail\"><img decoding=\"async\" width=\"800\" height=\"566\" src=\"https:\/\/zegreenlabconstruction.com\/wp-content\/uploads\/2023\/05\/Zegreenlab-Surf-Shack_3d-1-1024x724.jpg\" class=\"attachment-large size-large wp-image-4737\" alt=\"\" srcset=\"https:\/\/zegreenlabconstruction.com\/wp-content\/uploads\/2023\/05\/Zegreenlab-Surf-Shack_3d-1-1024x724.jpg 1024w, https:\/\/zegreenlabconstruction.com\/wp-content\/uploads\/2023\/05\/Zegreenlab-Surf-Shack_3d-1-300x212.jpg 300w, https:\/\/zegreenlabconstruction.com\/wp-content\/uploads\/2023\/05\/Zegreenlab-Surf-Shack_3d-1-150x106.jpg 150w, https:\/\/zegreenlabconstruction.com\/wp-content\/uploads\/2023\/05\/Zegreenlab-Surf-Shack_3d-1-768x543.jpg 768w, https:\/\/zegreenlabconstruction.com\/wp-content\/uploads\/2023\/05\/Zegreenlab-Surf-Shack_3d-1-1536x1086.jpg 1536w, https:\/\/zegreenlabconstruction.com\/wp-content\/uploads\/2023\/05\/Zegreenlab-Surf-Shack_3d-1.jpg 2000w\" sizes=\"(max-width: 800px) 100vw, 800px\" \/><\/div><\/a>\n\t\t\t\t<div class=\"elementor-post__text\">\n\t\t\t\t<h2 class=\"elementor-post__title\">\n\t\t\t<a href=\"https:\/\/zegreenlabconstruction.com\/es\/portfolio\/surf-shack\/\" >\n\t\t\t\tSurf Shack\t\t\t<\/a>\n\t\t<\/h2>\n\t\t\t\t<div class=\"elementor-post__excerpt\">\n\t\t\t<p>Una propuesta de dise\u00f1o  exclusiva y acogedora de 30 m<sup>2<\/sup>.<\/p>\n\t\t<\/div>\n\t\t\t\t<\/div>\n\t\t\t\t\t<\/div>\n\t\t<\/article>\n\t\t\t\t<\/div>\n\t\t\n\t\t\t\t\t\t<\/div>\n\t\t\t\t<\/div>\n\t\t\t\t\t<\/div>\n\t\t<\/div>\n\t\t\t\t\t<\/div>\n\t\t<\/section>\n\t\t\t\t<section class=\"elementor-section elementor-top-section elementor-element elementor-element-38a0e0d elementor-section-full_width elementor-section-height-default elementor-section-height-default\" data-id=\"38a0e0d\" data-element_type=\"section\" data-e-type=\"section\" data-settings=\"{&quot;jet_parallax_layout_list&quot;:[]}\">\n\t\t\t\t\t\t<div class=\"elementor-container elementor-column-gap-no\">\n\t\t\t\t\t<div class=\"elementor-column elementor-col-100 elementor-top-column elementor-element elementor-element-163d593\" data-id=\"163d593\" data-element_type=\"column\" data-e-type=\"column\">\n\t\t\t<div class=\"elementor-widget-wrap elementor-element-populated\">\n\t\t\t\t\t\t<div class=\"elementor-element elementor-element-b71457a elementor-widget elementor-widget-template\" data-id=\"b71457a\" data-element_type=\"widget\" data-e-type=\"widget\" data-widget_type=\"template.default\">\n\t\t\t\t<div class=\"elementor-widget-container\">\n\t\t\t\t\t\t\t<div class=\"elementor-template\">\n\t\t\t\t\t<div data-elementor-type=\"section\" data-elementor-id=\"464\" class=\"elementor elementor-464\" data-elementor-post-type=\"elementor_library\">\n\t\t\t\t\t<section class=\"elementor-section elementor-top-section elementor-element elementor-element-52478a42 elementor-section-boxed elementor-section-height-default elementor-section-height-default\" data-id=\"52478a42\" data-element_type=\"section\" data-e-type=\"section\" id=\"foot-contact\" data-settings=\"{&quot;jet_parallax_layout_list&quot;:[],&quot;background_background&quot;:&quot;classic&quot;}\">\n\t\t\t\t\t\t\t<div class=\"elementor-background-overlay\"><\/div>\n\t\t\t\t\t\t\t<div class=\"elementor-container elementor-column-gap-default\">\n\t\t\t\t\t<div class=\"elementor-column elementor-col-100 elementor-top-column elementor-element elementor-element-6485f5c1\" data-id=\"6485f5c1\" data-element_type=\"column\" data-e-type=\"column\">\n\t\t\t<div class=\"elementor-widget-wrap elementor-element-populated\">\n\t\t\t\t\t\t<div class=\"elementor-element elementor-element-218c81aa elementor-widget elementor-widget-heading\" data-id=\"218c81aa\" data-element_type=\"widget\" data-e-type=\"widget\" data-widget_type=\"heading.default\">\n\t\t\t\t<div class=\"elementor-widget-container\">\n\t\t\t\t\t<h2 class=\"elementor-heading-title elementor-size-default\">Empecemos Ahora<\/h2>\t\t\t\t<\/div>\n\t\t\t\t<\/div>\n\t\t\t\t\t<\/div>\n\t\t<\/div>\n\t\t\t\t\t<\/div>\n\t\t<\/section>\n\t\t\t\t<section class=\"elementor-section elementor-top-section elementor-element elementor-element-7ba7119 elementor-section-boxed elementor-section-height-default elementor-section-height-default\" data-id=\"7ba7119\" data-element_type=\"section\" data-e-type=\"section\" data-settings=\"{&quot;jet_parallax_layout_list&quot;:[],&quot;background_background&quot;:&quot;classic&quot;,&quot;background_motion_fx_motion_fx_scrolling&quot;:&quot;yes&quot;,&quot;background_motion_fx_blur_effect&quot;:&quot;yes&quot;,&quot;background_motion_fx_blur_level&quot;:{&quot;unit&quot;:&quot;px&quot;,&quot;size&quot;:12,&quot;sizes&quot;:[]},&quot;background_motion_fx_blur_range&quot;:{&quot;unit&quot;:&quot;%&quot;,&quot;size&quot;:&quot;&quot;,&quot;sizes&quot;:{&quot;start&quot;:0,&quot;end&quot;:100}},&quot;background_motion_fx_blur_direction&quot;:&quot;out-in&quot;,&quot;background_motion_fx_devices&quot;:[&quot;widescreen&quot;,&quot;desktop&quot;,&quot;laptop&quot;,&quot;tablet_extra&quot;,&quot;tablet&quot;,&quot;mobile_extra&quot;,&quot;mobile&quot;]}\">\n\t\t\t\t\t\t\t<div class=\"elementor-background-overlay\"><\/div>\n\t\t\t\t\t\t\t<div class=\"elementor-container elementor-column-gap-wider\">\n\t\t\t\t\t<div class=\"elementor-column elementor-col-50 elementor-top-column elementor-element elementor-element-ca809a3\" data-id=\"ca809a3\" data-element_type=\"column\" data-e-type=\"column\">\n\t\t\t<div class=\"elementor-widget-wrap elementor-element-populated\">\n\t\t\t\t\t\t<div class=\"elementor-element elementor-element-0847e58 elementor-widget elementor-widget-heading\" data-id=\"0847e58\" data-element_type=\"widget\" data-e-type=\"widget\" data-widget_type=\"heading.default\">\n\t\t\t\t<div class=\"elementor-widget-container\">\n\t\t\t\t\t<h2 class=\"elementor-heading-title elementor-size-default\">Cont\u00e1ctanos Ahora<\/h2>\t\t\t\t<\/div>\n\t\t\t\t<\/div>\n\t\t\t\t<div class=\"elementor-element elementor-element-41da299 elementor-widget elementor-widget-text-editor\" data-id=\"41da299\" data-element_type=\"widget\" data-e-type=\"widget\" data-widget_type=\"text-editor.default\">\n\t\t\t\t<div class=\"elementor-widget-container\">\n\t\t\t\t\t\t\t\t\t<p>Ya sea cliente, due\u00f1o de un negocio o proveedor de materiales de la m\u00e1s alta calidad, estamos ac\u00e1 para servirte. Llena los datos a continuaci\u00f3n y nos pondremos en contacto.<\/p>\t\t\t\t\t\t\t\t<\/div>\n\t\t\t\t<\/div>\n\t\t\t\t<div class=\"elementor-element elementor-element-3cb7a36 elementor-button-align-stretch elementor-widget elementor-widget-form\" data-id=\"3cb7a36\" data-element_type=\"widget\" data-e-type=\"widget\" data-settings=\"{&quot;step_next_label&quot;:&quot;Siguiente&quot;,&quot;step_previous_label&quot;:&quot;Anterior&quot;,&quot;button_width&quot;:&quot;100&quot;,&quot;step_type&quot;:&quot;number_text&quot;,&quot;step_icon_shape&quot;:&quot;circle&quot;}\" data-widget_type=\"form.default\">\n\t\t\t\t<div class=\"elementor-widget-container\">\n\t\t\t\t\t\t\t<form class=\"elementor-form\" method=\"post\" name=\"ZGLC Formulario de Contacto\" aria-label=\"ZGLC Formulario de Contacto\">\n\t\t\t<input type=\"hidden\" name=\"post_id\" value=\"464\"\/>\n\t\t\t<input type=\"hidden\" name=\"form_id\" value=\"3cb7a36\"\/>\n\t\t\t<input type=\"hidden\" name=\"referer_title\" value=\"Contacto y Prensa | Zegreenlab Construction\" \/>\n\n\t\t\t\t\t\t\t<input type=\"hidden\" name=\"queried_id\" value=\"1893\"\/>\n\t\t\t\n\t\t\t<div class=\"elementor-form-fields-wrapper elementor-labels-\">\n\t\t\t\t\t\t\t\t<div class=\"elementor-field-type-text elementor-field-group elementor-column elementor-field-group-contact_first_name elementor-col-50\">\n\t\t\t\t\t\t\t\t\t\t\t\t<label for=\"form-field-contact_first_name\" class=\"elementor-field-label elementor-screen-only\">\n\t\t\t\t\t\t\t\tNombre\t\t\t\t\t\t\t<\/label>\n\t\t\t\t\t\t\t\t\t\t\t\t\t\t<input size=\"1\" type=\"text\" name=\"form_fields[contact_first_name]\" id=\"form-field-contact_first_name\" class=\"elementor-field elementor-size-sm  elementor-field-textual\" placeholder=\"Nombre\">\n\t\t\t\t\t\t\t\t\t\t\t<\/div>\n\t\t\t\t\t\t\t\t<div class=\"elementor-field-type-text elementor-field-group elementor-column elementor-field-group-contact_last_name elementor-col-50\">\n\t\t\t\t\t\t\t\t\t\t\t\t<label for=\"form-field-contact_last_name\" class=\"elementor-field-label elementor-screen-only\">\n\t\t\t\t\t\t\t\tApellidos\t\t\t\t\t\t\t<\/label>\n\t\t\t\t\t\t\t\t\t\t\t\t\t\t<input size=\"1\" type=\"text\" name=\"form_fields[contact_last_name]\" id=\"form-field-contact_last_name\" class=\"elementor-field elementor-size-sm  elementor-field-textual\" placeholder=\"Apellidos\">\n\t\t\t\t\t\t\t\t\t\t\t<\/div>\n\t\t\t\t\t\t\t\t<div class=\"elementor-field-type-tel elementor-field-group elementor-column elementor-field-group-contact_tel elementor-col-100\">\n\t\t\t\t\t\t\t\t\t\t\t\t<label for=\"form-field-contact_tel\" class=\"elementor-field-label elementor-screen-only\">\n\t\t\t\t\t\t\t\tN\u00famero de Tel\u00e9fono\t\t\t\t\t\t\t<\/label>\n\t\t\t\t\t\t\t\t<input size=\"1\" type=\"tel\" name=\"form_fields[contact_tel]\" id=\"form-field-contact_tel\" class=\"elementor-field elementor-size-sm  elementor-field-textual\" placeholder=\"N\u00famero de Tel\u00e9fono\" pattern=\"[0-9()#&amp;+*-=.]+\" title=\"Solo se aceptan n\u00fameros y caracteres de tel\u00e9fono (#,-,*,etc).\">\n\n\t\t\t\t\t\t<\/div>\n\t\t\t\t\t\t\t\t<div class=\"elementor-field-type-email elementor-field-group elementor-column elementor-field-group-contact_email elementor-col-100 elementor-field-required\">\n\t\t\t\t\t\t\t\t\t\t\t\t<label for=\"form-field-contact_email\" class=\"elementor-field-label elementor-screen-only\">\n\t\t\t\t\t\t\t\tCorreo Electr\u00f3nico\t\t\t\t\t\t\t<\/label>\n\t\t\t\t\t\t\t\t\t\t\t\t\t\t<input size=\"1\" type=\"email\" name=\"form_fields[contact_email]\" id=\"form-field-contact_email\" class=\"elementor-field elementor-size-sm  elementor-field-textual\" placeholder=\"Correo Electr\u00f3nico\" required=\"required\">\n\t\t\t\t\t\t\t\t\t\t\t<\/div>\n\t\t\t\t\t\t\t\t<div class=\"elementor-field-type-textarea elementor-field-group elementor-column elementor-field-group-mensaje elementor-col-100\">\n\t\t\t\t\t\t\t\t\t\t\t\t<label for=\"form-field-mensaje\" class=\"elementor-field-label elementor-screen-only\">\n\t\t\t\t\t\t\t\tMensaje\t\t\t\t\t\t\t<\/label>\n\t\t\t\t\t\t<textarea class=\"elementor-field-textual elementor-field  elementor-size-sm\" name=\"form_fields[mensaje]\" id=\"form-field-mensaje\" rows=\"4\" placeholder=\"Mensaje\"><\/textarea>\t\t\t\t<\/div>\n\t\t\t\t\t\t\t\t<div class=\"elementor-field-type-recaptcha_v3 elementor-field-group elementor-column elementor-field-group-field_0a3c3a6 elementor-col-100 recaptcha_v3-inline\">\n\t\t\t\t\t<div class=\"elementor-field\" id=\"form-field-field_0a3c3a6\"><div class=\"elementor-g-recaptcha\" data-sitekey=\"6Lf_BcwaAAAAAL0eY3Soo1RdOxwHIz91J26gYIs5\" data-type=\"v3\" data-action=\"Form\" data-badge=\"inline\" data-size=\"invisible\"><\/div><\/div>\t\t\t\t<\/div>\n\t\t\t\t\t\t\t\t<div class=\"elementor-field-group elementor-column elementor-field-type-submit elementor-col-100 e-form__buttons\">\n\t\t\t\t\t<button class=\"elementor-button elementor-size-sm\" type=\"submit\">\n\t\t\t\t\t\t<span class=\"elementor-button-content-wrapper\">\n\t\t\t\t\t\t\t\t\t\t\t\t\t\t\t\t\t\t\t\t\t\t<span class=\"elementor-button-text\">Enviar<\/span>\n\t\t\t\t\t\t\t\t\t\t\t\t\t<\/span>\n\t\t\t\t\t<\/button>\n\t\t\t\t<\/div>\n\t\t\t<\/div>\n\t\t<\/form>\n\t\t\t\t\t\t<\/div>\n\t\t\t\t<\/div>\n\t\t\t\t\t<\/div>\n\t\t<\/div>\n\t\t\t\t<div class=\"elementor-column elementor-col-50 elementor-top-column elementor-element elementor-element-dfe776d\" data-id=\"dfe776d\" data-element_type=\"column\" data-e-type=\"column\">\n\t\t\t<div class=\"elementor-widget-wrap elementor-element-populated\">\n\t\t\t\t\t\t<div class=\"elementor-element elementor-element-ebeda25 elementor-widget elementor-widget-image\" data-id=\"ebeda25\" data-element_type=\"widget\" data-e-type=\"widget\" data-widget_type=\"image.default\">\n\t\t\t\t<div class=\"elementor-widget-container\">\n\t\t\t\t\t\t\t\t\t\t\t\t\t\t\t<img decoding=\"async\" src=\"https:\/\/zegreenlabconstruction.com\/wp-content\/uploads\/elementor\/thumbs\/HEMP-16-qxe2wgbx9vgpc5frh0qt6zl9mfdksfrxv2cdvvqrvs.jpg\" title=\"HEMP-16\" alt=\"HEMP-16\" loading=\"lazy\" \/>\t\t\t\t\t\t\t\t\t\t\t\t\t\t\t<\/div>\n\t\t\t\t<\/div>\n\t\t\t\t\t<\/div>\n\t\t<\/div>\n\t\t\t\t\t<\/div>\n\t\t<\/section>\n\t\t\t\t<\/div>\n\t\t\t\t<\/div>\n\t\t\t\t\t\t<\/div>\n\t\t\t\t<\/div>\n\t\t\t\t\t<\/div>\n\t\t<\/div>\n\t\t\t\t\t<\/div>\n\t\t<\/section>\n\t\t\t\t<\/div>\n\t\t","protected":false},"excerpt":{"rendered":"<p>En Zegreenlab Construcci\u00f3n, nos enorgullece incorporar la innovaci\u00f3n y la sostenibilidad en cada uno de nuestros proyectos de 3D y renderizado.Todos nuestros dise\u00f1os est\u00e1n estrat\u00e9gicamente desarrollados para tomar la mayor ventaja de nuestros bloques de Bagacreto\u00ae. Esta es una mezcla \u00fanica de fibras vegetales, como el c\u00e1\u00f1amo, bagazo y granza de arroz, utilizada para crear [&hellip;]<\/p>\n","protected":false},"author":3,"featured_media":2000,"parent":1247,"menu_order":1,"comment_status":"closed","ping_status":"closed","template":"","meta":{"footnotes":""},"class_list":["post-4625","page","type-page","status-publish","has-post-thumbnail","hentry"],"_links":{"self":[{"href":"https:\/\/zegreenlabconstruction.com\/es\/wp-json\/wp\/v2\/pages\/4625","targetHints":{"allow":["GET"]}}],"collection":[{"href":"https:\/\/zegreenlabconstruction.com\/es\/wp-json\/wp\/v2\/pages"}],"about":[{"href":"https:\/\/zegreenlabconstruction.com\/es\/wp-json\/wp\/v2\/types\/page"}],"author":[{"embeddable":true,"href":"https:\/\/zegreenlabconstruction.com\/es\/wp-json\/wp\/v2\/users\/3"}],"replies":[{"embeddable":true,"href":"https:\/\/zegreenlabconstruction.com\/es\/wp-json\/wp\/v2\/comments?post=4625"}],"version-history":[{"count":16,"href":"https:\/\/zegreenlabconstruction.com\/es\/wp-json\/wp\/v2\/pages\/4625\/revisions"}],"predecessor-version":[{"id":4880,"href":"https:\/\/zegreenlabconstruction.com\/es\/wp-json\/wp\/v2\/pages\/4625\/revisions\/4880"}],"up":[{"embeddable":true,"href":"https:\/\/zegreenlabconstruction.com\/es\/wp-json\/wp\/v2\/pages\/1247"}],"wp:featuredmedia":[{"embeddable":true,"href":"https:\/\/zegreenlabconstruction.com\/es\/wp-json\/wp\/v2\/media\/2000"}],"wp:attachment":[{"href":"https:\/\/zegreenlabconstruction.com\/es\/wp-json\/wp\/v2\/media?parent=4625"}],"curies":[{"name":"wp","href":"https:\/\/api.w.org\/{rel}","templated":true}]}}