{"id":1710,"date":"2022-10-07T08:33:04","date_gmt":"2022-10-07T14:33:04","guid":{"rendered":"https:\/\/kibocons1.zegreenlab.com\/?page_id=1710"},"modified":"2023-05-13T13:16:20","modified_gmt":"2023-05-13T19:16:20","slug":"proyectos-comerciales","status":"publish","type":"page","link":"https:\/\/zegreenlabconstruction.com\/es\/portafolio\/proyectos-comerciales\/","title":{"rendered":"Proyectos Comerciales"},"content":{"rendered":"\t\t<div data-elementor-type=\"wp-page\" data-elementor-id=\"1710\" class=\"elementor elementor-1710\" data-elementor-post-type=\"page\">\n\t\t\t\t\t\t<section class=\"elementor-section elementor-top-section elementor-element elementor-element-450b6fba elementor-section-height-min-height elementor-section-boxed elementor-section-height-default elementor-section-items-middle\" data-id=\"450b6fba\" data-element_type=\"section\" data-e-type=\"section\" data-settings=\"{&quot;jet_parallax_layout_list&quot;:[],&quot;background_background&quot;:&quot;slideshow&quot;,&quot;background_slideshow_gallery&quot;:[{&quot;id&quot;:4389,&quot;url&quot;:&quot;https:\\\/\\\/zegreenlabconstruction.com\\\/wp-content\\\/uploads\\\/2023\\\/05\\\/Zegreenlab_Construction_Healing-Center_Tierra-Encantada-13.jpeg&quot;},{&quot;id&quot;:4391,&quot;url&quot;:&quot;https:\\\/\\\/zegreenlabconstruction.com\\\/wp-content\\\/uploads\\\/2023\\\/05\\\/Zegreenlab_Construction_Healing-Center_Tierra-Encantada-14.jpeg&quot;},{&quot;id&quot;:4371,&quot;url&quot;:&quot;https:\\\/\\\/zegreenlabconstruction.com\\\/wp-content\\\/uploads\\\/2023\\\/05\\\/Zegreenlab_Construction_Healing-Center_Tierra-Encantada-4.jpeg&quot;},{&quot;id&quot;:4401,&quot;url&quot;:&quot;https:\\\/\\\/zegreenlabconstruction.com\\\/wp-content\\\/uploads\\\/2023\\\/05\\\/Zegreenlab_Construction_Healing-Center_Tierra-Encantada-3.jpeg&quot;},{&quot;id&quot;:4442,&quot;url&quot;:&quot;https:\\\/\\\/zegreenlabconstruction.com\\\/wp-content\\\/uploads\\\/2023\\\/05\\\/Zegreenlab_Construction_Pochote_Tierra-Encantada-11.jpeg&quot;},{&quot;id&quot;:4438,&quot;url&quot;:&quot;https:\\\/\\\/zegreenlabconstruction.com\\\/wp-content\\\/uploads\\\/2023\\\/05\\\/Zegreenlab_Construction_Pochote_Tierra-Encantada-9.jpeg&quot;},{&quot;id&quot;:4426,&quot;url&quot;:&quot;https:\\\/\\\/zegreenlabconstruction.com\\\/wp-content\\\/uploads\\\/2023\\\/05\\\/Zegreenlab_Construction_Pochote_Tierra-Encantada-12.jpeg&quot;},{&quot;id&quot;:3360,&quot;url&quot;:&quot;https:\\\/\\\/zegreenlabconstruction.com\\\/wp-content\\\/uploads\\\/2022\\\/10\\\/The-Void_IMG_0632.jpg&quot;},{&quot;id&quot;:2280,&quot;url&quot;:&quot;https:\\\/\\\/zegreenlabconstruction.com\\\/wp-content\\\/uploads\\\/2022\\\/10\\\/Zegreenlab_Construccion_ZGLC__Pura-Vida-French-Touch_1-2.jpg&quot;}],&quot;background_slideshow_slide_duration&quot;:4500,&quot;background_slideshow_transition_duration&quot;:600,&quot;background_slideshow_lazyload&quot;:&quot;yes&quot;,&quot;background_slideshow_loop&quot;:&quot;yes&quot;,&quot;background_slideshow_slide_transition&quot;:&quot;fade&quot;}\">\n\t\t\t\t\t\t\t<div class=\"elementor-background-overlay\"><\/div>\n\t\t\t\t\t\t\t<div class=\"elementor-container elementor-column-gap-default\">\n\t\t\t\t\t<div class=\"elementor-column elementor-col-100 elementor-top-column elementor-element elementor-element-9b468a9\" data-id=\"9b468a9\" data-element_type=\"column\" data-e-type=\"column\">\n\t\t\t<div class=\"elementor-widget-wrap elementor-element-populated\">\n\t\t\t\t\t\t<div class=\"elementor-element elementor-element-7fe6448c elementor-widget elementor-widget-heading\" data-id=\"7fe6448c\" data-element_type=\"widget\" data-e-type=\"widget\" data-widget_type=\"heading.default\">\n\t\t\t\t<div class=\"elementor-widget-container\">\n\t\t\t\t\t<h2 class=\"elementor-heading-title elementor-size-default\">Proyectos Comerciales<\/h2>\t\t\t\t<\/div>\n\t\t\t\t<\/div>\n\t\t\t\t<div class=\"elementor-element elementor-element-704b1e7 elementor-align-center elementor-widget elementor-widget-global elementor-global-3375 elementor-widget-button\" data-id=\"704b1e7\" data-element_type=\"widget\" data-e-type=\"widget\" data-widget_type=\"button.default\">\n\t\t\t\t<div class=\"elementor-widget-container\">\n\t\t\t\t\t\t\t\t\t<div class=\"elementor-button-wrapper\">\n\t\t\t\t\t<a class=\"elementor-button elementor-button-link elementor-size-sm elementor-animation-grow\" href=\"#foot-contact\">\n\t\t\t\t\t\t<span class=\"elementor-button-content-wrapper\">\n\t\t\t\t\t\t\t\t\t<span class=\"elementor-button-text\">Reserve una cita <\/span>\n\t\t\t\t\t<\/span>\n\t\t\t\t\t<\/a>\n\t\t\t\t<\/div>\n\t\t\t\t\t\t\t\t<\/div>\n\t\t\t\t<\/div>\n\t\t\t\t\t<\/div>\n\t\t<\/div>\n\t\t\t\t\t<\/div>\n\t\t<\/section>\n\t\t\t\t<section class=\"elementor-section elementor-top-section elementor-element elementor-element-1db1a183 elementor-section-full_width elementor-section-height-default elementor-section-height-default\" data-id=\"1db1a183\" data-element_type=\"section\" data-e-type=\"section\" data-settings=\"{&quot;jet_parallax_layout_list&quot;:[]}\">\n\t\t\t\t\t\t<div class=\"elementor-container elementor-column-gap-wider\">\n\t\t\t\t\t<div class=\"elementor-column elementor-col-100 elementor-top-column elementor-element elementor-element-147b3419\" data-id=\"147b3419\" data-element_type=\"column\" data-e-type=\"column\">\n\t\t\t<div class=\"elementor-widget-wrap elementor-element-populated\">\n\t\t\t\t\t\t<div class=\"elementor-element elementor-element-412cc6aa elementor-grid-2 elementor-grid-tablet-2 elementor-grid-mobile-1 elementor-posts--thumbnail-top elementor-card-shadow-yes elementor-posts__hover-gradient elementor-widget elementor-widget-posts\" data-id=\"412cc6aa\" data-element_type=\"widget\" data-e-type=\"widget\" data-settings=\"{&quot;cards_columns&quot;:&quot;2&quot;,&quot;cards_columns_tablet&quot;:&quot;2&quot;,&quot;cards_columns_mobile&quot;:&quot;1&quot;,&quot;cards_row_gap&quot;:{&quot;unit&quot;:&quot;px&quot;,&quot;size&quot;:35,&quot;sizes&quot;:[]},&quot;cards_row_gap_widescreen&quot;:{&quot;unit&quot;:&quot;px&quot;,&quot;size&quot;:&quot;&quot;,&quot;sizes&quot;:[]},&quot;cards_row_gap_laptop&quot;:{&quot;unit&quot;:&quot;px&quot;,&quot;size&quot;:&quot;&quot;,&quot;sizes&quot;:[]},&quot;cards_row_gap_tablet_extra&quot;:{&quot;unit&quot;:&quot;px&quot;,&quot;size&quot;:&quot;&quot;,&quot;sizes&quot;:[]},&quot;cards_row_gap_tablet&quot;:{&quot;unit&quot;:&quot;px&quot;,&quot;size&quot;:&quot;&quot;,&quot;sizes&quot;:[]},&quot;cards_row_gap_mobile_extra&quot;:{&quot;unit&quot;:&quot;px&quot;,&quot;size&quot;:&quot;&quot;,&quot;sizes&quot;:[]},&quot;cards_row_gap_mobile&quot;:{&quot;unit&quot;:&quot;px&quot;,&quot;size&quot;:&quot;&quot;,&quot;sizes&quot;:[]}}\" data-widget_type=\"posts.cards\">\n\t\t\t\t<div class=\"elementor-widget-container\">\n\t\t\t\t\t\t\t<div class=\"elementor-posts-container elementor-posts elementor-posts--skin-cards elementor-grid\" role=\"list\">\n\t\t\t\t<article class=\"elementor-post elementor-grid-item post-1937 portfolio type-portfolio status-publish has-post-thumbnail hentry project-cat-comercial\" role=\"listitem\">\n\t\t\t<div class=\"elementor-post__card\">\n\t\t\t\t<a class=\"elementor-post__thumbnail__link\" href=\"https:\/\/zegreenlabconstruction.com\/es\/portfolio\/healing-center-tierra-encantada\/\" tabindex=\"-1\" ><div class=\"elementor-post__thumbnail\"><img fetchpriority=\"high\" decoding=\"async\" width=\"768\" height=\"1024\" src=\"https:\/\/zegreenlabconstruction.com\/wp-content\/uploads\/2023\/05\/Zegreenlab_Construction_Healing-Center_Tierra-Encantada-14-768x1024.jpeg\" class=\"attachment-large size-large wp-image-4391\" alt=\"\" srcset=\"https:\/\/zegreenlabconstruction.com\/wp-content\/uploads\/2023\/05\/Zegreenlab_Construction_Healing-Center_Tierra-Encantada-14-768x1024.jpeg 768w, https:\/\/zegreenlabconstruction.com\/wp-content\/uploads\/2023\/05\/Zegreenlab_Construction_Healing-Center_Tierra-Encantada-14-225x300.jpeg 225w, https:\/\/zegreenlabconstruction.com\/wp-content\/uploads\/2023\/05\/Zegreenlab_Construction_Healing-Center_Tierra-Encantada-14-113x150.jpeg 113w, https:\/\/zegreenlabconstruction.com\/wp-content\/uploads\/2023\/05\/Zegreenlab_Construction_Healing-Center_Tierra-Encantada-14-1152x1536.jpeg 1152w, https:\/\/zegreenlabconstruction.com\/wp-content\/uploads\/2023\/05\/Zegreenlab_Construction_Healing-Center_Tierra-Encantada-14.jpeg 1500w\" sizes=\"(max-width: 768px) 100vw, 768px\" \/><\/div><\/a>\n\t\t\t\t<div class=\"elementor-post__text\">\n\t\t\t\t<h2 class=\"elementor-post__title\">\n\t\t\t<a href=\"https:\/\/zegreenlabconstruction.com\/es\/portfolio\/healing-center-tierra-encantada\/\" >\n\t\t\t\tHealing Center Tierra Encantada\t\t\t<\/a>\n\t\t<\/h2>\n\t\t\t\t<div class=\"elementor-post__excerpt\">\n\t\t\t<p>Centro de bienestar con 6 salas<\/p>\n\t\t<\/div>\n\t\t\t\t<\/div>\n\t\t\t\t\t<\/div>\n\t\t<\/article>\n\t\t\t\t<article class=\"elementor-post elementor-grid-item post-3362 portfolio type-portfolio status-publish has-post-thumbnail hentry project-cat-comercial project-cat-diseno-de-interiores\" role=\"listitem\">\n\t\t\t<div class=\"elementor-post__card\">\n\t\t\t\t<a class=\"elementor-post__thumbnail__link\" href=\"https:\/\/zegreenlabconstruction.com\/es\/portfolio\/the-void-hemp-concept-store\/\" tabindex=\"-1\" ><div class=\"elementor-post__thumbnail\"><img decoding=\"async\" width=\"800\" height=\"533\" src=\"https:\/\/zegreenlabconstruction.com\/wp-content\/uploads\/2022\/10\/The-Void_IMG_0632-1024x682.jpg\" class=\"attachment-large size-large wp-image-3360\" alt=\"\" srcset=\"https:\/\/zegreenlabconstruction.com\/wp-content\/uploads\/2022\/10\/The-Void_IMG_0632-1024x682.jpg 1024w, https:\/\/zegreenlabconstruction.com\/wp-content\/uploads\/2022\/10\/The-Void_IMG_0632-300x200.jpg 300w, https:\/\/zegreenlabconstruction.com\/wp-content\/uploads\/2022\/10\/The-Void_IMG_0632-150x100.jpg 150w, https:\/\/zegreenlabconstruction.com\/wp-content\/uploads\/2022\/10\/The-Void_IMG_0632-768x512.jpg 768w, https:\/\/zegreenlabconstruction.com\/wp-content\/uploads\/2022\/10\/The-Void_IMG_0632-1536x1024.jpg 1536w, https:\/\/zegreenlabconstruction.com\/wp-content\/uploads\/2022\/10\/The-Void_IMG_0632-600x400.jpg 600w, https:\/\/zegreenlabconstruction.com\/wp-content\/uploads\/2022\/10\/The-Void_IMG_0632.jpg 2000w\" sizes=\"(max-width: 800px) 100vw, 800px\" \/><\/div><\/a>\n\t\t\t\t<div class=\"elementor-post__text\">\n\t\t\t\t<h2 class=\"elementor-post__title\">\n\t\t\t<a href=\"https:\/\/zegreenlabconstruction.com\/es\/portfolio\/the-void-hemp-concept-store\/\" >\n\t\t\t\tThe Void Hemp Concept Store\t\t\t<\/a>\n\t\t<\/h2>\n\t\t\t\t<div class=\"elementor-post__excerpt\">\n\t\t\t<p>Mobiliario personalizado para tienda y remodelaci\u00f3n de espacio interno.<\/p>\n\t\t<\/div>\n\t\t\t\t<\/div>\n\t\t\t\t\t<\/div>\n\t\t<\/article>\n\t\t\t\t<article class=\"elementor-post elementor-grid-item post-1960 portfolio type-portfolio status-publish has-post-thumbnail hentry project-cat-comercial\" role=\"listitem\">\n\t\t\t<div class=\"elementor-post__card\">\n\t\t\t\t<a class=\"elementor-post__thumbnail__link\" href=\"https:\/\/zegreenlabconstruction.com\/es\/portfolio\/pura-vida-french-touch\/\" tabindex=\"-1\" ><div class=\"elementor-post__thumbnail\"><img decoding=\"async\" width=\"800\" height=\"450\" src=\"https:\/\/zegreenlabconstruction.com\/wp-content\/uploads\/2022\/10\/Zegreenlab_Construccion_ZGLC__Pura-Vida-French-Touch_1-2-1024x576.jpg\" class=\"attachment-large size-large wp-image-2280\" alt=\"\" srcset=\"https:\/\/zegreenlabconstruction.com\/wp-content\/uploads\/2022\/10\/Zegreenlab_Construccion_ZGLC__Pura-Vida-French-Touch_1-2-1024x576.jpg 1024w, https:\/\/zegreenlabconstruction.com\/wp-content\/uploads\/2022\/10\/Zegreenlab_Construccion_ZGLC__Pura-Vida-French-Touch_1-2-300x169.jpg 300w, https:\/\/zegreenlabconstruction.com\/wp-content\/uploads\/2022\/10\/Zegreenlab_Construccion_ZGLC__Pura-Vida-French-Touch_1-2-150x84.jpg 150w, https:\/\/zegreenlabconstruction.com\/wp-content\/uploads\/2022\/10\/Zegreenlab_Construccion_ZGLC__Pura-Vida-French-Touch_1-2-768x432.jpg 768w, https:\/\/zegreenlabconstruction.com\/wp-content\/uploads\/2022\/10\/Zegreenlab_Construccion_ZGLC__Pura-Vida-French-Touch_1-2-1536x864.jpg 1536w, https:\/\/zegreenlabconstruction.com\/wp-content\/uploads\/2022\/10\/Zegreenlab_Construccion_ZGLC__Pura-Vida-French-Touch_1-2-600x338.jpg 600w, https:\/\/zegreenlabconstruction.com\/wp-content\/uploads\/2022\/10\/Zegreenlab_Construccion_ZGLC__Pura-Vida-French-Touch_1-2.jpg 1920w\" sizes=\"(max-width: 800px) 100vw, 800px\" \/><\/div><\/a>\n\t\t\t\t<div class=\"elementor-post__text\">\n\t\t\t\t<h2 class=\"elementor-post__title\">\n\t\t\t<a href=\"https:\/\/zegreenlabconstruction.com\/es\/portfolio\/pura-vida-french-touch\/\" >\n\t\t\t\tPura Vida French Touch\t\t\t<\/a>\n\t\t<\/h2>\n\t\t\t\t<div class=\"elementor-post__excerpt\">\n\t\t\t<p>Tienda de souvenir en Basilito<\/p>\n\t\t<\/div>\n\t\t\t\t<\/div>\n\t\t\t\t\t<\/div>\n\t\t<\/article>\n\t\t\t\t<\/div>\n\t\t\n\t\t\t\t\t\t<\/div>\n\t\t\t\t<\/div>\n\t\t\t\t\t<\/div>\n\t\t<\/div>\n\t\t\t\t\t<\/div>\n\t\t<\/section>\n\t\t\t\t<section class=\"elementor-section elementor-top-section elementor-element elementor-element-7faba83 elementor-section-full_width elementor-section-height-default elementor-section-height-default\" data-id=\"7faba83\" data-element_type=\"section\" data-e-type=\"section\" data-settings=\"{&quot;jet_parallax_layout_list&quot;:[]}\">\n\t\t\t\t\t\t<div class=\"elementor-container elementor-column-gap-no\">\n\t\t\t\t\t<div class=\"elementor-column elementor-col-100 elementor-top-column elementor-element elementor-element-700ae97b\" data-id=\"700ae97b\" data-element_type=\"column\" data-e-type=\"column\">\n\t\t\t<div class=\"elementor-widget-wrap elementor-element-populated\">\n\t\t\t\t\t\t<div class=\"elementor-element elementor-element-6ea53208 elementor-widget elementor-widget-template\" data-id=\"6ea53208\" data-element_type=\"widget\" data-e-type=\"widget\" data-widget_type=\"template.default\">\n\t\t\t\t<div class=\"elementor-widget-container\">\n\t\t\t\t\t\t\t<div class=\"elementor-template\">\n\t\t\t\t\t<div data-elementor-type=\"section\" data-elementor-id=\"464\" class=\"elementor elementor-464\" data-elementor-post-type=\"elementor_library\">\n\t\t\t\t\t<section class=\"elementor-section elementor-top-section elementor-element elementor-element-52478a42 elementor-section-boxed elementor-section-height-default elementor-section-height-default\" data-id=\"52478a42\" data-element_type=\"section\" data-e-type=\"section\" id=\"foot-contact\" data-settings=\"{&quot;jet_parallax_layout_list&quot;:[],&quot;background_background&quot;:&quot;classic&quot;}\">\n\t\t\t\t\t\t\t<div class=\"elementor-background-overlay\"><\/div>\n\t\t\t\t\t\t\t<div class=\"elementor-container elementor-column-gap-default\">\n\t\t\t\t\t<div class=\"elementor-column elementor-col-100 elementor-top-column elementor-element elementor-element-6485f5c1\" data-id=\"6485f5c1\" data-element_type=\"column\" data-e-type=\"column\">\n\t\t\t<div class=\"elementor-widget-wrap elementor-element-populated\">\n\t\t\t\t\t\t<div class=\"elementor-element elementor-element-218c81aa elementor-widget elementor-widget-heading\" data-id=\"218c81aa\" data-element_type=\"widget\" data-e-type=\"widget\" data-widget_type=\"heading.default\">\n\t\t\t\t<div class=\"elementor-widget-container\">\n\t\t\t\t\t<h2 class=\"elementor-heading-title elementor-size-default\">Empecemos Ahora<\/h2>\t\t\t\t<\/div>\n\t\t\t\t<\/div>\n\t\t\t\t\t<\/div>\n\t\t<\/div>\n\t\t\t\t\t<\/div>\n\t\t<\/section>\n\t\t\t\t<section class=\"elementor-section elementor-top-section elementor-element elementor-element-7ba7119 elementor-section-boxed elementor-section-height-default elementor-section-height-default\" data-id=\"7ba7119\" data-element_type=\"section\" data-e-type=\"section\" data-settings=\"{&quot;jet_parallax_layout_list&quot;:[],&quot;background_background&quot;:&quot;classic&quot;,&quot;background_motion_fx_motion_fx_scrolling&quot;:&quot;yes&quot;,&quot;background_motion_fx_blur_effect&quot;:&quot;yes&quot;,&quot;background_motion_fx_blur_level&quot;:{&quot;unit&quot;:&quot;px&quot;,&quot;size&quot;:12,&quot;sizes&quot;:[]},&quot;background_motion_fx_blur_range&quot;:{&quot;unit&quot;:&quot;%&quot;,&quot;size&quot;:&quot;&quot;,&quot;sizes&quot;:{&quot;start&quot;:0,&quot;end&quot;:100}},&quot;background_motion_fx_blur_direction&quot;:&quot;out-in&quot;,&quot;background_motion_fx_devices&quot;:[&quot;widescreen&quot;,&quot;desktop&quot;,&quot;laptop&quot;,&quot;tablet_extra&quot;,&quot;tablet&quot;,&quot;mobile_extra&quot;,&quot;mobile&quot;]}\">\n\t\t\t\t\t\t\t<div class=\"elementor-background-overlay\"><\/div>\n\t\t\t\t\t\t\t<div class=\"elementor-container elementor-column-gap-wider\">\n\t\t\t\t\t<div class=\"elementor-column elementor-col-50 elementor-top-column elementor-element elementor-element-ca809a3\" data-id=\"ca809a3\" data-element_type=\"column\" data-e-type=\"column\">\n\t\t\t<div class=\"elementor-widget-wrap elementor-element-populated\">\n\t\t\t\t\t\t<div class=\"elementor-element elementor-element-0847e58 elementor-widget elementor-widget-heading\" data-id=\"0847e58\" data-element_type=\"widget\" data-e-type=\"widget\" data-widget_type=\"heading.default\">\n\t\t\t\t<div class=\"elementor-widget-container\">\n\t\t\t\t\t<h2 class=\"elementor-heading-title elementor-size-default\">Cont\u00e1ctanos Ahora<\/h2>\t\t\t\t<\/div>\n\t\t\t\t<\/div>\n\t\t\t\t<div class=\"elementor-element elementor-element-41da299 elementor-widget elementor-widget-text-editor\" data-id=\"41da299\" data-element_type=\"widget\" data-e-type=\"widget\" data-widget_type=\"text-editor.default\">\n\t\t\t\t<div class=\"elementor-widget-container\">\n\t\t\t\t\t\t\t\t\t<p>Ya sea cliente, due\u00f1o de un negocio o proveedor de materiales de la m\u00e1s alta calidad, estamos ac\u00e1 para servirte. Llena los datos a continuaci\u00f3n y nos pondremos en contacto.<\/p>\t\t\t\t\t\t\t\t<\/div>\n\t\t\t\t<\/div>\n\t\t\t\t<div class=\"elementor-element elementor-element-3cb7a36 elementor-button-align-stretch elementor-widget elementor-widget-form\" data-id=\"3cb7a36\" data-element_type=\"widget\" data-e-type=\"widget\" data-settings=\"{&quot;step_next_label&quot;:&quot;Siguiente&quot;,&quot;step_previous_label&quot;:&quot;Anterior&quot;,&quot;button_width&quot;:&quot;100&quot;,&quot;step_type&quot;:&quot;number_text&quot;,&quot;step_icon_shape&quot;:&quot;circle&quot;}\" data-widget_type=\"form.default\">\n\t\t\t\t<div class=\"elementor-widget-container\">\n\t\t\t\t\t\t\t<form class=\"elementor-form\" method=\"post\" name=\"ZGLC Formulario de Contacto\" aria-label=\"ZGLC Formulario de Contacto\">\n\t\t\t<input type=\"hidden\" name=\"post_id\" value=\"464\"\/>\n\t\t\t<input type=\"hidden\" name=\"form_id\" value=\"3cb7a36\"\/>\n\t\t\t<input type=\"hidden\" name=\"referer_title\" value=\"Inicio | Zegreenlab Construction | Empresa l\u00edder en construcci\u00f3n sostenible con c\u00e1\u00f1amo y fibras naturales en Costa Rica y Latinoamerica\" \/>\n\n\t\t\t\t\t\t\t<input type=\"hidden\" name=\"queried_id\" value=\"84\"\/>\n\t\t\t\n\t\t\t<div class=\"elementor-form-fields-wrapper elementor-labels-\">\n\t\t\t\t\t\t\t\t<div class=\"elementor-field-type-text elementor-field-group elementor-column elementor-field-group-contact_first_name elementor-col-50\">\n\t\t\t\t\t\t\t\t\t\t\t\t<label for=\"form-field-contact_first_name\" class=\"elementor-field-label elementor-screen-only\">\n\t\t\t\t\t\t\t\tNombre\t\t\t\t\t\t\t<\/label>\n\t\t\t\t\t\t\t\t\t\t\t\t\t\t<input size=\"1\" type=\"text\" name=\"form_fields[contact_first_name]\" id=\"form-field-contact_first_name\" class=\"elementor-field elementor-size-sm  elementor-field-textual\" placeholder=\"Nombre\">\n\t\t\t\t\t\t\t\t\t\t\t<\/div>\n\t\t\t\t\t\t\t\t<div class=\"elementor-field-type-text elementor-field-group elementor-column elementor-field-group-contact_last_name elementor-col-50\">\n\t\t\t\t\t\t\t\t\t\t\t\t<label for=\"form-field-contact_last_name\" class=\"elementor-field-label elementor-screen-only\">\n\t\t\t\t\t\t\t\tApellidos\t\t\t\t\t\t\t<\/label>\n\t\t\t\t\t\t\t\t\t\t\t\t\t\t<input size=\"1\" type=\"text\" name=\"form_fields[contact_last_name]\" id=\"form-field-contact_last_name\" class=\"elementor-field elementor-size-sm  elementor-field-textual\" placeholder=\"Apellidos\">\n\t\t\t\t\t\t\t\t\t\t\t<\/div>\n\t\t\t\t\t\t\t\t<div class=\"elementor-field-type-tel elementor-field-group elementor-column elementor-field-group-contact_tel elementor-col-100\">\n\t\t\t\t\t\t\t\t\t\t\t\t<label for=\"form-field-contact_tel\" class=\"elementor-field-label elementor-screen-only\">\n\t\t\t\t\t\t\t\tN\u00famero de Tel\u00e9fono\t\t\t\t\t\t\t<\/label>\n\t\t\t\t\t\t\t\t<input size=\"1\" type=\"tel\" name=\"form_fields[contact_tel]\" id=\"form-field-contact_tel\" class=\"elementor-field elementor-size-sm  elementor-field-textual\" placeholder=\"N\u00famero de Tel\u00e9fono\" pattern=\"[0-9()#&amp;+*-=.]+\" title=\"Solo se aceptan n\u00fameros y caracteres de tel\u00e9fono (#,-,*,etc).\">\n\n\t\t\t\t\t\t<\/div>\n\t\t\t\t\t\t\t\t<div class=\"elementor-field-type-email elementor-field-group elementor-column elementor-field-group-contact_email elementor-col-100 elementor-field-required\">\n\t\t\t\t\t\t\t\t\t\t\t\t<label for=\"form-field-contact_email\" class=\"elementor-field-label elementor-screen-only\">\n\t\t\t\t\t\t\t\tCorreo Electr\u00f3nico\t\t\t\t\t\t\t<\/label>\n\t\t\t\t\t\t\t\t\t\t\t\t\t\t<input size=\"1\" type=\"email\" name=\"form_fields[contact_email]\" id=\"form-field-contact_email\" class=\"elementor-field elementor-size-sm  elementor-field-textual\" placeholder=\"Correo Electr\u00f3nico\" required=\"required\">\n\t\t\t\t\t\t\t\t\t\t\t<\/div>\n\t\t\t\t\t\t\t\t<div class=\"elementor-field-type-textarea elementor-field-group elementor-column elementor-field-group-mensaje elementor-col-100\">\n\t\t\t\t\t\t\t\t\t\t\t\t<label for=\"form-field-mensaje\" class=\"elementor-field-label elementor-screen-only\">\n\t\t\t\t\t\t\t\tMensaje\t\t\t\t\t\t\t<\/label>\n\t\t\t\t\t\t<textarea class=\"elementor-field-textual elementor-field  elementor-size-sm\" name=\"form_fields[mensaje]\" id=\"form-field-mensaje\" rows=\"4\" placeholder=\"Mensaje\"><\/textarea>\t\t\t\t<\/div>\n\t\t\t\t\t\t\t\t<div class=\"elementor-field-type-recaptcha_v3 elementor-field-group elementor-column elementor-field-group-field_0a3c3a6 elementor-col-100 recaptcha_v3-inline\">\n\t\t\t\t\t<div class=\"elementor-field\" id=\"form-field-field_0a3c3a6\"><div class=\"elementor-g-recaptcha\" data-sitekey=\"6Lf_BcwaAAAAAL0eY3Soo1RdOxwHIz91J26gYIs5\" data-type=\"v3\" data-action=\"Form\" data-badge=\"inline\" data-size=\"invisible\"><\/div><\/div>\t\t\t\t<\/div>\n\t\t\t\t\t\t\t\t<div class=\"elementor-field-group elementor-column elementor-field-type-submit elementor-col-100 e-form__buttons\">\n\t\t\t\t\t<button class=\"elementor-button elementor-size-sm\" type=\"submit\">\n\t\t\t\t\t\t<span class=\"elementor-button-content-wrapper\">\n\t\t\t\t\t\t\t\t\t\t\t\t\t\t\t\t\t\t\t\t\t\t<span class=\"elementor-button-text\">Enviar<\/span>\n\t\t\t\t\t\t\t\t\t\t\t\t\t<\/span>\n\t\t\t\t\t<\/button>\n\t\t\t\t<\/div>\n\t\t\t<\/div>\n\t\t<\/form>\n\t\t\t\t\t\t<\/div>\n\t\t\t\t<\/div>\n\t\t\t\t\t<\/div>\n\t\t<\/div>\n\t\t\t\t<div class=\"elementor-column elementor-col-50 elementor-top-column elementor-element elementor-element-dfe776d\" data-id=\"dfe776d\" data-element_type=\"column\" data-e-type=\"column\">\n\t\t\t<div class=\"elementor-widget-wrap elementor-element-populated\">\n\t\t\t\t\t\t<div class=\"elementor-element elementor-element-ebeda25 elementor-widget elementor-widget-image\" data-id=\"ebeda25\" data-element_type=\"widget\" data-e-type=\"widget\" data-widget_type=\"image.default\">\n\t\t\t\t<div class=\"elementor-widget-container\">\n\t\t\t\t\t\t\t\t\t\t\t\t\t\t\t<img decoding=\"async\" src=\"https:\/\/zegreenlabconstruction.com\/wp-content\/uploads\/elementor\/thumbs\/HEMP-16-qxe2wgbx9vgpc5frh0qt6zl9mfdksfrxv2cdvvqrvs.jpg\" title=\"HEMP-16\" alt=\"HEMP-16\" loading=\"lazy\" \/>\t\t\t\t\t\t\t\t\t\t\t\t\t\t\t<\/div>\n\t\t\t\t<\/div>\n\t\t\t\t\t<\/div>\n\t\t<\/div>\n\t\t\t\t\t<\/div>\n\t\t<\/section>\n\t\t\t\t<\/div>\n\t\t\t\t<\/div>\n\t\t\t\t\t\t<\/div>\n\t\t\t\t<\/div>\n\t\t\t\t\t<\/div>\n\t\t<\/div>\n\t\t\t\t\t<\/div>\n\t\t<\/section>\n\t\t\t\t<\/div>\n\t\t","protected":false},"excerpt":{"rendered":"<p>Reserve una cita<\/p>\n","protected":false},"author":1,"featured_media":3360,"parent":1247,"menu_order":2,"comment_status":"closed","ping_status":"closed","template":"","meta":{"footnotes":""},"class_list":["post-1710","page","type-page","status-publish","has-post-thumbnail","hentry"],"_links":{"self":[{"href":"https:\/\/zegreenlabconstruction.com\/es\/wp-json\/wp\/v2\/pages\/1710","targetHints":{"allow":["GET"]}}],"collection":[{"href":"https:\/\/zegreenlabconstruction.com\/es\/wp-json\/wp\/v2\/pages"}],"about":[{"href":"https:\/\/zegreenlabconstruction.com\/es\/wp-json\/wp\/v2\/types\/page"}],"author":[{"embeddable":true,"href":"https:\/\/zegreenlabconstruction.com\/es\/wp-json\/wp\/v2\/users\/1"}],"replies":[{"embeddable":true,"href":"https:\/\/zegreenlabconstruction.com\/es\/wp-json\/wp\/v2\/comments?post=1710"}],"version-history":[{"count":19,"href":"https:\/\/zegreenlabconstruction.com\/es\/wp-json\/wp\/v2\/pages\/1710\/revisions"}],"predecessor-version":[{"id":4520,"href":"https:\/\/zegreenlabconstruction.com\/es\/wp-json\/wp\/v2\/pages\/1710\/revisions\/4520"}],"up":[{"embeddable":true,"href":"https:\/\/zegreenlabconstruction.com\/es\/wp-json\/wp\/v2\/pages\/1247"}],"wp:featuredmedia":[{"embeddable":true,"href":"https:\/\/zegreenlabconstruction.com\/es\/wp-json\/wp\/v2\/media\/3360"}],"wp:attachment":[{"href":"https:\/\/zegreenlabconstruction.com\/es\/wp-json\/wp\/v2\/media?parent=1710"}],"curies":[{"name":"wp","href":"https:\/\/api.w.org\/{rel}","templated":true}]}}